{"id":615,"date":"2024-12-30T14:22:00","date_gmt":"2024-12-30T11:22:00","guid":{"rendered":"https:\/\/poloniaculture-nadzbruch.org\/?page_id=615"},"modified":"2025-01-20T16:41:49","modified_gmt":"2025-01-20T13:41:49","slug":"article2","status":"publish","type":"page","link":"https:\/\/poloniaculture-nadzbruch.org\/pl\/article2\/","title":{"rendered":""},"content":{"rendered":"<section class=\"l-section wpb_row height_medium\"><div class=\"l-section-h g-html i-cf\"><div class=\"g-cols offset_small\"><div class=\" full-width\">[vc_custom_heading text=&#187; <strong>Dzi\u015b, 9 listopada, w Sydorowie na Tarnopolu rozpocz\u0119\u0142y si\u0119 Dni Kultury Polskiej. <\/strong>Pomimo wojny na Ukrainie Dni Kultury Polskiej odby\u0142y si\u0119 w Sydorowie ju\u017c po raz trzeci. To jedno z najwa\u017cniejszych wydarze\u0144 w kalendarzu Polonii na Podolu. Brak alarmu rakietowego pozwoli\u0142, aby impreza przebieg\u0142a zgodnie z planem i nie by\u0142o oficjalnej akademii, nie by\u0142o wystaw ani koncertu.<\/p>\n<p>Na scenie Sydorowskiego O\u015brodka Kultury wyst\u0105pi\u0142y zespo\u0142y muzyczne \u201ePolskie rytmy\u201d. \u201eAkwarela Tarnopola\u201d. \u201eVis\u0142o moja, Vis\u0142o stara\u201d za\u015bpiewa\u0142 zesp\u00f3\u0142 wokalny Akwarela Tarnopol.<br \/>\nUtw\u00f3r \u201eRed Belt\u201d to wokalny kolektyw Akvarela Tarnopola<br \/>\nPiosenka \u201eMoje malle misto\u201d w wykonaniu dyrektora artystycznego zespo\u0142u \u201ePolskie Rytmy\u201d. Krystyna Melkonyan.<br \/>\nUtw\u00f3r \u201ePolonez Warszawski\u201d \u2013 zesp\u00f3\u0142 wokalny \u201eAkwarela Tarnopol\u201d<br \/>\nPiosenka \u201eMoja kochana mama\u201d \u2013 grupa wokalna \u201ePolskie Rytmy\u201d<br \/>\nPiosenka \u201eTaki kraj\u201d (s\u0142owa: Jan Petrzak, muzyka: Zbigniew Raj) \u2013 zesp\u00f3\u0142 wokalny \u201eAkwarele Tarnopola\u201d<br \/>\nGra Ostyna Bacewicz \u201ePolski Capris\u201d w wykonaniu Ostapa Kozyry na skrzypcach. \u201eSzkolne Wyzwanie\u201d \u2013 grupa wokalna \u201ePolskie Rytmy\u201d<br \/>\n\u201ePiosenka bardzo kulturalna\u201d \u2013 grupa wokalna \u201ePolskie Rytmy\u201d<br \/>\nPie\u015b\u0144 s\u0142\u00f3w i muzyki ks. Karola Dbrowskiego \u201eOjczyzna ma\u201d.<br \/>\nHej soko\u0142y, pie\u015b\u0144 Muzyka instrumentalna Polak\u00f3w to przede wszystkim muzyka taneczna. Polskie ta\u0144ce ludowe s\u0105 popularne na ca\u0142ym \u015bwiecie ju\u017c od czas\u00f3w staro\u017cytnych. Ta\u0144ce polskie przyci\u0105gaj\u0105 uwag\u0119 publiczno\u015bci swoj\u0105 specyficzn\u0105 muzyk\u0105, charakterem wyst\u0119pu i jaskrawymi strojami tancerzy. Wyst\u0119py taneczne zaprezentowa\u0142 zesp\u00f3\u0142 muzyczny \u201ePolskie rytmy\u201d.&#187; font_container=&#187;tag:h2|font_size:18|text_align:left|color:%232b2a2a&#187; google_fonts=&#187;font_family:Montserrat%3Aregular%2C700|font_style:400%20regular%3A400%3Anormal&#187;]<div class=\"w-gallery layout_default columns_3 with_indents link_media\"><div class=\"w-gallery-list\"><a class=\"w-gallery-item order_1\" href=\"https:\/\/poloniaculture-nadzbruch.org\/pl\/wp-content\/uploads\/2025\/01\/\u0413\u0421-1.jpg\" title=\"\u0413\u0421\"><img loading=\"lazy\" decoding=\"async\" width=\"458\" height=\"600\" src=\"https:\/\/poloniaculture-nadzbruch.org\/pl\/wp-content\/uploads\/2025\/01\/\u0413\u0421-1-458x600.jpg\" class=\"w-gallery-item-img\" alt=\"\" \/><span class=\"w-gallery-item-hover\"><\/span><span class=\"w-gallery-item-title\">\u0413\u0421<\/span><\/a><\/div><\/div>\n<\/div><\/div><\/div><\/section>\n","protected":false},"excerpt":{"rendered":"[vc_custom_heading text=\" Dzi\u015b, 9 listopada, w Sydorowie na Tarnopolu rozpocz\u0119\u0142y si\u0119 Dni Kultury Polskiej. Pomimo wojny na Ukrainie Dni Kultury Polskiej odby\u0142y si\u0119 w Sydorowie ju\u017c po raz trzeci. To jedno z najwa\u017cniejszych wydarze\u0144 w kalendarzu Polonii na Podolu. Brak alarmu rakietowego pozwoli\u0142, aby impreza przebieg\u0142a zgodnie z planem i nie by\u0142o oficjalnej akademii, nie...","protected":false},"author":1,"featured_media":0,"parent":0,"menu_order":0,"comment_status":"closed","ping_status":"closed","template":"","meta":{"footnotes":""},"class_list":["post-615","page","type-page","status-publish","hentry"],"_links":{"self":[{"href":"https:\/\/poloniaculture-nadzbruch.org\/pl\/wp-json\/wp\/v2\/pages\/615","targetHints":{"allow":["GET"]}}],"collection":[{"href":"https:\/\/poloniaculture-nadzbruch.org\/pl\/wp-json\/wp\/v2\/pages"}],"about":[{"href":"https:\/\/poloniaculture-nadzbruch.org\/pl\/wp-json\/wp\/v2\/types\/page"}],"author":[{"embeddable":true,"href":"https:\/\/poloniaculture-nadzbruch.org\/pl\/wp-json\/wp\/v2\/users\/1"}],"replies":[{"embeddable":true,"href":"https:\/\/poloniaculture-nadzbruch.org\/pl\/wp-json\/wp\/v2\/comments?post=615"}],"version-history":[{"count":2,"href":"https:\/\/poloniaculture-nadzbruch.org\/pl\/wp-json\/wp\/v2\/pages\/615\/revisions"}],"predecessor-version":[{"id":749,"href":"https:\/\/poloniaculture-nadzbruch.org\/pl\/wp-json\/wp\/v2\/pages\/615\/revisions\/749"}],"wp:attachment":[{"href":"https:\/\/poloniaculture-nadzbruch.org\/pl\/wp-json\/wp\/v2\/media?parent=615"}],"curies":[{"name":"wp","href":"https:\/\/api.w.org\/{rel}","templated":true}]}}