{"id":608,"date":"2024-12-30T14:14:55","date_gmt":"2024-12-30T11:14:55","guid":{"rendered":"https:\/\/poloniaculture-nadzbruch.org\/?page_id=608"},"modified":"2025-02-10T15:30:10","modified_gmt":"2025-02-10T12:30:10","slug":"article1","status":"publish","type":"page","link":"https:\/\/poloniaculture-nadzbruch.org\/pl\/article1\/","title":{"rendered":""},"content":{"rendered":"<section class=\"l-section wpb_row height_medium\"><div class=\"l-section-h g-html i-cf\"><div class=\"g-cols offset_small\"><div class=\" full-width\">[vc_custom_heading text=&#187;  \u015awi\u0105teczne spotkanie organizacji polonijnych z regionu tarnopolskiego<\/p>\n<p>Pe\u0142ne ciep\u0142a i serdeczno\u015bci wydarzenie rozpocz\u0119\u0142o si\u0119 msz\u0105 \u015bwi\u0119t\u0105. G\u0142\u00f3wnym momentem spotkania by\u0142a uroczysto\u015b\u0107 dzielenia si\u0119 op\u0142atkiem, podczas kt\u00f3rej wszyscy sk\u0142adali sobie nawzajem \u017cyczenia. Niepowtarzaln\u0105 \u015bwi\u0105teczn\u0105 atmosfer\u0119 stworzyli arty\u015bci, kt\u00f3rzy \u015bpiewali kol\u0119dy i pastoralki. Dzi\u0119kujemy organizatorom spotkania Konsulatowi Generalnemu w \u0141ucku oraz siostrom niepokalankom z klasztoru w Jaz\u0142owcu za tak mi\u0142e spotkanie.&#187; font_container=&#187;tag:h2|font_size:18|text_align:left|color:%232b2a2a&#187; google_fonts=&#187;font_family:Montserrat%3Aregular%2C700|font_style:400%20regular%3A400%3Anormal&#187;]<div class=\"w-gallery layout_default columns_3 with_indents link_media\"><div class=\"w-gallery-list\"><a class=\"w-gallery-item order_1\" href=\"https:\/\/poloniaculture-nadzbruch.org\/pl\/wp-content\/uploads\/2025\/01\/\u0420\u04171.jpg\" title=\"\u0420\u04171\"><img loading=\"lazy\" decoding=\"async\" width=\"600\" height=\"600\" src=\"https:\/\/poloniaculture-nadzbruch.org\/pl\/wp-content\/uploads\/2025\/01\/\u0420\u04171-600x600.jpg\" class=\"w-gallery-item-img\" alt=\"\" srcset=\"https:\/\/poloniaculture-nadzbruch.org\/pl\/wp-content\/uploads\/2025\/01\/\u0420\u04171-600x600.jpg 600w, https:\/\/poloniaculture-nadzbruch.org\/pl\/wp-content\/uploads\/2025\/01\/\u0420\u04171-150x150.jpg 150w, https:\/\/poloniaculture-nadzbruch.org\/pl\/wp-content\/uploads\/2025\/01\/\u0420\u04171-350x350.jpg 350w\" sizes=\"auto, (max-width: 600px) 100vw, 600px\" \/><span class=\"w-gallery-item-hover\"><\/span><span class=\"w-gallery-item-title\">\u0420\u04171<\/span><\/a><a class=\"w-gallery-item order_2\" href=\"https:\/\/poloniaculture-nadzbruch.org\/pl\/wp-content\/uploads\/2025\/01\/\u0420\u04172.jpg\" title=\"\u0420\u04172\"><img loading=\"lazy\" decoding=\"async\" width=\"600\" height=\"600\" src=\"https:\/\/poloniaculture-nadzbruch.org\/pl\/wp-content\/uploads\/2025\/01\/\u0420\u04172-600x600.jpg\" class=\"w-gallery-item-img\" alt=\"\" srcset=\"https:\/\/poloniaculture-nadzbruch.org\/pl\/wp-content\/uploads\/2025\/01\/\u0420\u04172-600x600.jpg 600w, https:\/\/poloniaculture-nadzbruch.org\/pl\/wp-content\/uploads\/2025\/01\/\u0420\u04172-150x150.jpg 150w, https:\/\/poloniaculture-nadzbruch.org\/pl\/wp-content\/uploads\/2025\/01\/\u0420\u04172-350x350.jpg 350w\" sizes=\"auto, (max-width: 600px) 100vw, 600px\" \/><span class=\"w-gallery-item-hover\"><\/span><span class=\"w-gallery-item-title\">\u0420\u04172<\/span><\/a><\/div><\/div>\n<\/div><\/div><\/div><\/section>\n","protected":false},"excerpt":{"rendered":"[vc_custom_heading text=\" \u015awi\u0105teczne spotkanie organizacji polonijnych z regionu tarnopolskiego Pe\u0142ne ciep\u0142a i serdeczno\u015bci wydarzenie rozpocz\u0119\u0142o si\u0119 msz\u0105 \u015bwi\u0119t\u0105. G\u0142\u00f3wnym momentem spotkania by\u0142a uroczysto\u015b\u0107 dzielenia si\u0119 op\u0142atkiem, podczas kt\u00f3rej wszyscy sk\u0142adali sobie nawzajem \u017cyczenia. Niepowtarzaln\u0105 \u015bwi\u0105teczn\u0105 atmosfer\u0119 stworzyli arty\u015bci, kt\u00f3rzy \u015bpiewali kol\u0119dy i pastoralki. Dzi\u0119kujemy organizatorom spotkania Konsulatowi Generalnemu w \u0141ucku oraz siostrom niepokalankom z klasztoru...","protected":false},"author":1,"featured_media":0,"parent":0,"menu_order":0,"comment_status":"closed","ping_status":"closed","template":"","meta":{"footnotes":""},"class_list":["post-608","page","type-page","status-publish","hentry"],"_links":{"self":[{"href":"https:\/\/poloniaculture-nadzbruch.org\/pl\/wp-json\/wp\/v2\/pages\/608","targetHints":{"allow":["GET"]}}],"collection":[{"href":"https:\/\/poloniaculture-nadzbruch.org\/pl\/wp-json\/wp\/v2\/pages"}],"about":[{"href":"https:\/\/poloniaculture-nadzbruch.org\/pl\/wp-json\/wp\/v2\/types\/page"}],"author":[{"embeddable":true,"href":"https:\/\/poloniaculture-nadzbruch.org\/pl\/wp-json\/wp\/v2\/users\/1"}],"replies":[{"embeddable":true,"href":"https:\/\/poloniaculture-nadzbruch.org\/pl\/wp-json\/wp\/v2\/comments?post=608"}],"version-history":[{"count":3,"href":"https:\/\/poloniaculture-nadzbruch.org\/pl\/wp-json\/wp\/v2\/pages\/608\/revisions"}],"predecessor-version":[{"id":898,"href":"https:\/\/poloniaculture-nadzbruch.org\/pl\/wp-json\/wp\/v2\/pages\/608\/revisions\/898"}],"wp:attachment":[{"href":"https:\/\/poloniaculture-nadzbruch.org\/pl\/wp-json\/wp\/v2\/media?parent=608"}],"curies":[{"name":"wp","href":"https:\/\/api.w.org\/{rel}","templated":true}]}}