{"id":496,"date":"2024-12-27T17:02:53","date_gmt":"2024-12-27T14:02:53","guid":{"rendered":"https:\/\/poloniaculture-nadzbruch.org\/?page_id=496"},"modified":"2025-01-20T15:28:42","modified_gmt":"2025-01-20T12:28:42","slug":"polish-school","status":"publish","type":"page","link":"https:\/\/poloniaculture-nadzbruch.org\/pl\/polish-school\/","title":{"rendered":""},"content":{"rendered":"<section class=\"l-section wpb_row height_auto\"><div class=\"l-section-h g-html i-cf\"><div class=\"g-cols offset_small\"><div class=\" full-width vc_hidden-md vc_hidden-sm vc_hidden-xs\"><div class=\"ult-spacer spacer-6a0360871105e\" data-id=\"6a0360871105e\" data-height=\"30\" data-height-mobile=\"30\" data-height-tab=\"30\" data-height-tab-portrait=\"\" data-height-mobile-landscape=\"\" style=\"clear:both;display:block;\"><\/div><div class=\"ult-animation  ult-animate-viewport  ult-no-mobile\" data-animate=\"fadeInUp\" data-animation-delay=\"0\" data-animation-duration=\"3\" data-animation-iteration=\"1\" style=\"opacity:0;\" data-opacity_start_effect=\"\">[vc_custom_heading text=&#187;Polska Szko\u0142a Sobotnia&#187; font_container=&#187;tag:h2|font_size:42|text_align:center|color:%23e01f22&#8243; google_fonts=&#187;font_family:Pacifico%3Aregular|font_style:400%20regular%3A400%3Anormal&#187;]<\/div><div class=\"ult-spacer spacer-6a03608711076\" data-id=\"6a03608711076\" data-height=\"30\" data-height-mobile=\"30\" data-height-tab=\"30\" data-height-tab-portrait=\"\" data-height-mobile-landscape=\"\" style=\"clear:both;display:block;\"><\/div><div class=\"g-cols wpb_row offset_small vc_inner \"><div class=\" full-width\"><div class=\"ult-animation  ult-animate-viewport  ult-no-mobile\" data-animate=\"fadeInLeft\" data-animation-delay=\"0\" data-animation-duration=\"3\" data-animation-iteration=\"1\" style=\"opacity:0;\" data-opacity_start_effect=\"\">[vc_custom_heading text=&#187;Jak co roku uczniowie szko\u0142y sobotniej w Husiatynie z niecierpliwo\u015bci\u0105 czekali na \u015awi\u0119tego Miko\u0142aja. Cierpliwie czekaj\u0105c na jego przybycie, dzieci bawi\u0142y si\u0119, ta\u0144czy\u0142y, \u015bpiewa\u0142y i wsp\u00f3lnie tworzy\u0142y dzie\u0142a sztuki. Po wyczerpuj\u0105cej zabawie w ko\u0144cu pojawi\u0142 si\u0119 d\u0142ugo oczekiwany go\u015b\u0107 \u2013 \u015aw. Miko\u0142aj, kt\u00f3ry zosta\u0142 ciep\u0142o przyj\u0119ty przez dzieci i zaproszony do sali. \u015awi\u0119ty Miko\u0142aj nie zapomnia\u0142 tak\u017ce przynie\u015b\u0107 prezent\u00f3w dla wszystkich dzieci. Nikt nie dosta\u0142 klapsa, bo w naszej szkole ucz\u0105 si\u0119 tylko dobrze wychowane dzieci. Spotkanie ze \u015awi\u0119tym Miko\u0142ajem zako\u0144czy\u0142o si\u0119 wr\u0119czeniem ka\u017cdemu dziecku prezentu i wsp\u00f3ln\u0105 pami\u0105tkow\u0105 sesj\u0105 zdj\u0119ciow\u0105.&#187; font_container=&#187;tag:h2|font_size:16|text_align:left|color:%232b2a2a&#187; google_fonts=&#187;font_family:Montserrat%3Aregular%2C700|font_style:400%20regular%3A400%3Anormal&#187;]<\/div><\/div><\/div><div class=\"ult-spacer spacer-6a03608711152\" data-id=\"6a03608711152\" data-height=\"30\" data-height-mobile=\"30\" data-height-tab=\"30\" data-height-tab-portrait=\"\" data-height-mobile-landscape=\"\" style=\"clear:both;display:block;\"><\/div><div class=\"w-gallery layout_default columns_3 with_indents link_media\"><div class=\"w-gallery-list\"><a class=\"w-gallery-item order_1\" href=\"https:\/\/poloniaculture-nadzbruch.org\/pl\/wp-content\/uploads\/2025\/01\/\u043f1.jpg\" title=\"\u043f1\"><img loading=\"lazy\" decoding=\"async\" width=\"600\" height=\"600\" src=\"https:\/\/poloniaculture-nadzbruch.org\/pl\/wp-content\/uploads\/2025\/01\/\u043f1-600x600.jpg\" class=\"w-gallery-item-img\" alt=\"\" srcset=\"https:\/\/poloniaculture-nadzbruch.org\/pl\/wp-content\/uploads\/2025\/01\/\u043f1-600x600.jpg 600w, https:\/\/poloniaculture-nadzbruch.org\/pl\/wp-content\/uploads\/2025\/01\/\u043f1-150x150.jpg 150w, https:\/\/poloniaculture-nadzbruch.org\/pl\/wp-content\/uploads\/2025\/01\/\u043f1-350x350.jpg 350w\" sizes=\"auto, (max-width: 600px) 100vw, 600px\" \/><span class=\"w-gallery-item-hover\"><\/span><span class=\"w-gallery-item-title\">\u043f1<\/span><\/a><a class=\"w-gallery-item order_2\" href=\"https:\/\/poloniaculture-nadzbruch.org\/pl\/wp-content\/uploads\/2025\/01\/\u043f2.jpg\" title=\"\u043f2\"><img loading=\"lazy\" decoding=\"async\" width=\"600\" height=\"600\" src=\"https:\/\/poloniaculture-nadzbruch.org\/pl\/wp-content\/uploads\/2025\/01\/\u043f2-600x600.jpg\" class=\"w-gallery-item-img\" alt=\"\" srcset=\"https:\/\/poloniaculture-nadzbruch.org\/pl\/wp-content\/uploads\/2025\/01\/\u043f2-600x600.jpg 600w, https:\/\/poloniaculture-nadzbruch.org\/pl\/wp-content\/uploads\/2025\/01\/\u043f2-150x150.jpg 150w, https:\/\/poloniaculture-nadzbruch.org\/pl\/wp-content\/uploads\/2025\/01\/\u043f2-350x350.jpg 350w\" sizes=\"auto, (max-width: 600px) 100vw, 600px\" \/><span class=\"w-gallery-item-hover\"><\/span><span class=\"w-gallery-item-title\">\u043f2<\/span><\/a><a class=\"w-gallery-item order_3\" href=\"https:\/\/poloniaculture-nadzbruch.org\/pl\/wp-content\/uploads\/2025\/01\/\u043f3.jpg\" title=\"\u043f3\"><img loading=\"lazy\" decoding=\"async\" width=\"600\" height=\"600\" src=\"https:\/\/poloniaculture-nadzbruch.org\/pl\/wp-content\/uploads\/2025\/01\/\u043f3-600x600.jpg\" class=\"w-gallery-item-img\" alt=\"\" srcset=\"https:\/\/poloniaculture-nadzbruch.org\/pl\/wp-content\/uploads\/2025\/01\/\u043f3-600x600.jpg 600w, https:\/\/poloniaculture-nadzbruch.org\/pl\/wp-content\/uploads\/2025\/01\/\u043f3-150x150.jpg 150w, https:\/\/poloniaculture-nadzbruch.org\/pl\/wp-content\/uploads\/2025\/01\/\u043f3-350x350.jpg 350w\" sizes=\"auto, (max-width: 600px) 100vw, 600px\" \/><span class=\"w-gallery-item-hover\"><\/span><span class=\"w-gallery-item-title\">\u043f3<\/span><\/a><a class=\"w-gallery-item order_4\" href=\"https:\/\/poloniaculture-nadzbruch.org\/pl\/wp-content\/uploads\/2025\/01\/\u043f4.jpg\" title=\"\u043f4\"><img loading=\"lazy\" decoding=\"async\" width=\"600\" height=\"600\" src=\"https:\/\/poloniaculture-nadzbruch.org\/pl\/wp-content\/uploads\/2025\/01\/\u043f4-600x600.jpg\" class=\"w-gallery-item-img\" alt=\"\" srcset=\"https:\/\/poloniaculture-nadzbruch.org\/pl\/wp-content\/uploads\/2025\/01\/\u043f4-600x600.jpg 600w, https:\/\/poloniaculture-nadzbruch.org\/pl\/wp-content\/uploads\/2025\/01\/\u043f4-150x150.jpg 150w, https:\/\/poloniaculture-nadzbruch.org\/pl\/wp-content\/uploads\/2025\/01\/\u043f4-350x350.jpg 350w\" sizes=\"auto, (max-width: 600px) 100vw, 600px\" \/><span class=\"w-gallery-item-hover\"><\/span><span class=\"w-gallery-item-title\">\u043f4<\/span><\/a><a class=\"w-gallery-item order_5\" href=\"https:\/\/poloniaculture-nadzbruch.org\/pl\/wp-content\/uploads\/2025\/01\/\u043f5.jpg\" title=\"\u043f5\"><img loading=\"lazy\" decoding=\"async\" width=\"600\" height=\"600\" src=\"https:\/\/poloniaculture-nadzbruch.org\/pl\/wp-content\/uploads\/2025\/01\/\u043f5-600x600.jpg\" class=\"w-gallery-item-img\" alt=\"\" srcset=\"https:\/\/poloniaculture-nadzbruch.org\/pl\/wp-content\/uploads\/2025\/01\/\u043f5-600x600.jpg 600w, https:\/\/poloniaculture-nadzbruch.org\/pl\/wp-content\/uploads\/2025\/01\/\u043f5-150x150.jpg 150w, https:\/\/poloniaculture-nadzbruch.org\/pl\/wp-content\/uploads\/2025\/01\/\u043f5-350x350.jpg 350w\" sizes=\"auto, (max-width: 600px) 100vw, 600px\" \/><span class=\"w-gallery-item-hover\"><\/span><span class=\"w-gallery-item-title\">\u043f5<\/span><\/a><a class=\"w-gallery-item order_6\" href=\"https:\/\/poloniaculture-nadzbruch.org\/pl\/wp-content\/uploads\/2025\/01\/\u043f6.jpg\" title=\"\u043f6\"><img loading=\"lazy\" decoding=\"async\" width=\"600\" height=\"600\" src=\"https:\/\/poloniaculture-nadzbruch.org\/pl\/wp-content\/uploads\/2025\/01\/\u043f6-600x600.jpg\" class=\"w-gallery-item-img\" alt=\"\" srcset=\"https:\/\/poloniaculture-nadzbruch.org\/pl\/wp-content\/uploads\/2025\/01\/\u043f6-600x600.jpg 600w, https:\/\/poloniaculture-nadzbruch.org\/pl\/wp-content\/uploads\/2025\/01\/\u043f6-150x150.jpg 150w, https:\/\/poloniaculture-nadzbruch.org\/pl\/wp-content\/uploads\/2025\/01\/\u043f6-350x350.jpg 350w\" sizes=\"auto, (max-width: 600px) 100vw, 600px\" \/><span class=\"w-gallery-item-hover\"><\/span><span class=\"w-gallery-item-title\">\u043f6<\/span><\/a><a class=\"w-gallery-item order_7\" href=\"https:\/\/poloniaculture-nadzbruch.org\/pl\/wp-content\/uploads\/2025\/01\/\u043f7.jpg\" title=\"\u043f7\"><img loading=\"lazy\" decoding=\"async\" width=\"600\" height=\"600\" src=\"https:\/\/poloniaculture-nadzbruch.org\/pl\/wp-content\/uploads\/2025\/01\/\u043f7-600x600.jpg\" class=\"w-gallery-item-img\" alt=\"\" srcset=\"https:\/\/poloniaculture-nadzbruch.org\/pl\/wp-content\/uploads\/2025\/01\/\u043f7-600x600.jpg 600w, https:\/\/poloniaculture-nadzbruch.org\/pl\/wp-content\/uploads\/2025\/01\/\u043f7-150x150.jpg 150w, https:\/\/poloniaculture-nadzbruch.org\/pl\/wp-content\/uploads\/2025\/01\/\u043f7-350x350.jpg 350w\" sizes=\"auto, (max-width: 600px) 100vw, 600px\" \/><span class=\"w-gallery-item-hover\"><\/span><span class=\"w-gallery-item-title\">\u043f7<\/span><\/a><a class=\"w-gallery-item order_8\" href=\"https:\/\/poloniaculture-nadzbruch.org\/pl\/wp-content\/uploads\/2025\/01\/\u043f8.jpg\" title=\"\u043f8\"><img loading=\"lazy\" decoding=\"async\" width=\"600\" height=\"600\" src=\"https:\/\/poloniaculture-nadzbruch.org\/pl\/wp-content\/uploads\/2025\/01\/\u043f8-600x600.jpg\" class=\"w-gallery-item-img\" alt=\"\" srcset=\"https:\/\/poloniaculture-nadzbruch.org\/pl\/wp-content\/uploads\/2025\/01\/\u043f8-600x600.jpg 600w, https:\/\/poloniaculture-nadzbruch.org\/pl\/wp-content\/uploads\/2025\/01\/\u043f8-150x150.jpg 150w, https:\/\/poloniaculture-nadzbruch.org\/pl\/wp-content\/uploads\/2025\/01\/\u043f8-350x350.jpg 350w\" sizes=\"auto, (max-width: 600px) 100vw, 600px\" \/><span class=\"w-gallery-item-hover\"><\/span><span class=\"w-gallery-item-title\">\u043f8<\/span><\/a><a class=\"w-gallery-item order_9\" href=\"https:\/\/poloniaculture-nadzbruch.org\/pl\/wp-content\/uploads\/2025\/01\/\u043f9.jpg\" title=\"\u043f9\"><img loading=\"lazy\" decoding=\"async\" width=\"600\" height=\"600\" src=\"https:\/\/poloniaculture-nadzbruch.org\/pl\/wp-content\/uploads\/2025\/01\/\u043f9-600x600.jpg\" class=\"w-gallery-item-img\" alt=\"\" srcset=\"https:\/\/poloniaculture-nadzbruch.org\/pl\/wp-content\/uploads\/2025\/01\/\u043f9-600x600.jpg 600w, https:\/\/poloniaculture-nadzbruch.org\/pl\/wp-content\/uploads\/2025\/01\/\u043f9-150x150.jpg 150w, https:\/\/poloniaculture-nadzbruch.org\/pl\/wp-content\/uploads\/2025\/01\/\u043f9-350x350.jpg 350w\" sizes=\"auto, (max-width: 600px) 100vw, 600px\" \/><span class=\"w-gallery-item-hover\"><\/span><span class=\"w-gallery-item-title\">\u043f9<\/span><\/a><\/div><\/div>\n<\/div><\/div><\/div><\/section>\n","protected":false},"excerpt":{"rendered":"[vc_custom_heading text=\"Polska Szko\u0142a Sobotnia\" font_container=\"tag:h2|font_size:42|text_align:center|color:%23e01f22\" google_fonts=\"font_family:Pacifico%3Aregular|font_style:400%20regular%3A400%3Anormal\"][vc_custom_heading text=\"Jak co roku uczniowie szko\u0142y sobotniej w Husiatynie z niecierpliwo\u015bci\u0105 czekali na \u015awi\u0119tego Miko\u0142aja. Cierpliwie czekaj\u0105c na jego przybycie, dzieci bawi\u0142y si\u0119, ta\u0144czy\u0142y, \u015bpiewa\u0142y i wsp\u00f3lnie tworzy\u0142y dzie\u0142a sztuki. Po wyczerpuj\u0105cej zabawie w ko\u0144cu pojawi\u0142 si\u0119 d\u0142ugo oczekiwany go\u015b\u0107 \u2013 \u015aw. Miko\u0142aj, kt\u00f3ry zosta\u0142 ciep\u0142o przyj\u0119ty przez dzieci i...","protected":false},"author":1,"featured_media":0,"parent":0,"menu_order":0,"comment_status":"closed","ping_status":"closed","template":"","meta":{"footnotes":""},"class_list":["post-496","page","type-page","status-publish","hentry"],"_links":{"self":[{"href":"https:\/\/poloniaculture-nadzbruch.org\/pl\/wp-json\/wp\/v2\/pages\/496","targetHints":{"allow":["GET"]}}],"collection":[{"href":"https:\/\/poloniaculture-nadzbruch.org\/pl\/wp-json\/wp\/v2\/pages"}],"about":[{"href":"https:\/\/poloniaculture-nadzbruch.org\/pl\/wp-json\/wp\/v2\/types\/page"}],"author":[{"embeddable":true,"href":"https:\/\/poloniaculture-nadzbruch.org\/pl\/wp-json\/wp\/v2\/users\/1"}],"replies":[{"embeddable":true,"href":"https:\/\/poloniaculture-nadzbruch.org\/pl\/wp-json\/wp\/v2\/comments?post=496"}],"version-history":[{"count":2,"href":"https:\/\/poloniaculture-nadzbruch.org\/pl\/wp-json\/wp\/v2\/pages\/496\/revisions"}],"predecessor-version":[{"id":685,"href":"https:\/\/poloniaculture-nadzbruch.org\/pl\/wp-json\/wp\/v2\/pages\/496\/revisions\/685"}],"wp:attachment":[{"href":"https:\/\/poloniaculture-nadzbruch.org\/pl\/wp-json\/wp\/v2\/media?parent=496"}],"curies":[{"name":"wp","href":"https:\/\/api.w.org\/{rel}","templated":true}]}}