{"id":463,"date":"2024-12-23T18:35:49","date_gmt":"2024-12-23T15:35:49","guid":{"rendered":"https:\/\/poloniaculture-nadzbruch.org\/?page_id=463"},"modified":"2025-02-07T16:41:48","modified_gmt":"2025-02-07T13:41:48","slug":"polish-rhythms","status":"publish","type":"page","link":"https:\/\/poloniaculture-nadzbruch.org\/pl\/polish-rhythms\/","title":{"rendered":"\u041c\u0443\u0437\u0438\u0447\u043d\u0438\u0439 \u043a\u043e\u043b\u0435\u043a\u0442\u0438\u0432 &#171;\u041f\u041e\u041b\u042c\u0421\u042c\u041a\u0406 \u0420\u0418\u0422\u041c\u0418&#187;"},"content":{"rendered":"<section class=\"l-section wpb_row height_auto\"><div class=\"l-section-h g-html i-cf\"><div class=\"g-cols offset_small\"><div class=\" full-width vc_hidden-md vc_hidden-sm vc_hidden-xs\"><div class=\"ult-spacer spacer-6a0346b1d20ce\" data-id=\"6a0346b1d20ce\" data-height=\"30\" data-height-mobile=\"30\" data-height-tab=\"30\" data-height-tab-portrait=\"\" data-height-mobile-landscape=\"\" style=\"clear:both;display:block;\"><\/div><div class=\"ult-animation  ult-animate-viewport  ult-no-mobile\" data-animate=\"fadeInUp\" data-animation-delay=\"0\" data-animation-duration=\"3\" data-animation-iteration=\"1\" style=\"opacity:0;\" data-opacity_start_effect=\"\">[vc_custom_heading text=&#187;Zesp\u00f3\u0142 muzyczny \u201ePOLSKY RHYTHMS\u201d&#187; font_container=&#187;tag:h2|font_size:42|text_align:center|color:%23e01f22&#8243; google_fonts=&#187;font_family:Pacifico%3Aregular|font_style:400%20regular%3A400%3Anormal&#187;]<\/div><div class=\"ult-spacer spacer-6a0346b1d20eb\" data-id=\"6a0346b1d20eb\" data-height=\"30\" data-height-mobile=\"30\" data-height-tab=\"30\" data-height-tab-portrait=\"\" data-height-mobile-landscape=\"\" style=\"clear:both;display:block;\"><\/div><div class=\"g-cols wpb_row offset_small vc_inner \"><div class=\" full-width\"><div class=\"ult-animation  ult-animate-viewport  ult-no-mobile\" data-animate=\"fadeInLeft\" data-animation-delay=\"0\" data-animation-duration=\"3\" data-animation-iteration=\"1\" style=\"opacity:0;\" data-opacity_start_effect=\"\">[vc_custom_heading text=&#187;Zesp\u00f3\u0142 muzyczny \u201ePOLSKI RHYTHMS\u201d pojecha\u0142 do Lwowa, aby zobaczy\u0107, jak id\u0105 przygotowania do \u015bwi\u0105t Bo\u017cego Narodzenia i za\u015bpiewa\u0107 pod choink\u0105 noworoczn\u0105 we Lwowie.&#187; font_container=&#187;tag:h2|font_size:16|text_align:left|color:%232b2a2a&#187; google_fonts=&#187;font_family:Montserrat%3Aregular%2C700|font_style:400%20regular%3A400%3Anormal&#187;]<\/div><\/div><\/div><div class=\"ult-spacer spacer-6a0346b1d21dc\" data-id=\"6a0346b1d21dc\" data-height=\"30\" data-height-mobile=\"30\" data-height-tab=\"30\" data-height-tab-portrait=\"\" data-height-mobile-landscape=\"\" style=\"clear:both;display:block;\"><\/div><div class=\"w-gallery layout_default columns_3 with_indents link_media\"><div class=\"w-gallery-list\"><a class=\"w-gallery-item order_1\" href=\"https:\/\/poloniaculture-nadzbruch.org\/pl\/wp-content\/uploads\/2025\/01\/1.jpg\" title=\"1\"><img loading=\"lazy\" decoding=\"async\" width=\"600\" height=\"600\" src=\"https:\/\/poloniaculture-nadzbruch.org\/pl\/wp-content\/uploads\/2025\/01\/1-600x600.jpg\" class=\"w-gallery-item-img\" alt=\"\" srcset=\"https:\/\/poloniaculture-nadzbruch.org\/pl\/wp-content\/uploads\/2025\/01\/1-600x600.jpg 600w, https:\/\/poloniaculture-nadzbruch.org\/pl\/wp-content\/uploads\/2025\/01\/1-150x150.jpg 150w, https:\/\/poloniaculture-nadzbruch.org\/pl\/wp-content\/uploads\/2025\/01\/1-350x350.jpg 350w\" sizes=\"auto, (max-width: 600px) 100vw, 600px\" \/><span class=\"w-gallery-item-hover\"><\/span><span class=\"w-gallery-item-title\">1<\/span><\/a><a class=\"w-gallery-item order_2\" href=\"https:\/\/poloniaculture-nadzbruch.org\/pl\/wp-content\/uploads\/2025\/01\/2.jpg\" title=\"2\"><img loading=\"lazy\" decoding=\"async\" width=\"600\" height=\"600\" src=\"https:\/\/poloniaculture-nadzbruch.org\/pl\/wp-content\/uploads\/2025\/01\/2-600x600.jpg\" class=\"w-gallery-item-img\" alt=\"\" srcset=\"https:\/\/poloniaculture-nadzbruch.org\/pl\/wp-content\/uploads\/2025\/01\/2-600x600.jpg 600w, https:\/\/poloniaculture-nadzbruch.org\/pl\/wp-content\/uploads\/2025\/01\/2-150x150.jpg 150w, https:\/\/poloniaculture-nadzbruch.org\/pl\/wp-content\/uploads\/2025\/01\/2-350x350.jpg 350w\" sizes=\"auto, (max-width: 600px) 100vw, 600px\" \/><span class=\"w-gallery-item-hover\"><\/span><span class=\"w-gallery-item-title\">2<\/span><\/a><a class=\"w-gallery-item order_3\" href=\"https:\/\/poloniaculture-nadzbruch.org\/pl\/wp-content\/uploads\/2025\/01\/4.jpg\" title=\"4\"><img loading=\"lazy\" decoding=\"async\" width=\"600\" height=\"600\" src=\"https:\/\/poloniaculture-nadzbruch.org\/pl\/wp-content\/uploads\/2025\/01\/4-600x600.jpg\" class=\"w-gallery-item-img\" alt=\"\" srcset=\"https:\/\/poloniaculture-nadzbruch.org\/pl\/wp-content\/uploads\/2025\/01\/4-600x600.jpg 600w, https:\/\/poloniaculture-nadzbruch.org\/pl\/wp-content\/uploads\/2025\/01\/4-150x150.jpg 150w, https:\/\/poloniaculture-nadzbruch.org\/pl\/wp-content\/uploads\/2025\/01\/4-350x350.jpg 350w\" sizes=\"auto, (max-width: 600px) 100vw, 600px\" \/><span class=\"w-gallery-item-hover\"><\/span><span class=\"w-gallery-item-title\">4<\/span><\/a><a class=\"w-gallery-item order_4\" href=\"https:\/\/poloniaculture-nadzbruch.org\/pl\/wp-content\/uploads\/2025\/01\/5.jpg\" title=\"5\"><img loading=\"lazy\" decoding=\"async\" width=\"600\" height=\"600\" src=\"https:\/\/poloniaculture-nadzbruch.org\/pl\/wp-content\/uploads\/2025\/01\/5-600x600.jpg\" class=\"w-gallery-item-img\" alt=\"\" srcset=\"https:\/\/poloniaculture-nadzbruch.org\/pl\/wp-content\/uploads\/2025\/01\/5-600x600.jpg 600w, https:\/\/poloniaculture-nadzbruch.org\/pl\/wp-content\/uploads\/2025\/01\/5-150x150.jpg 150w, https:\/\/poloniaculture-nadzbruch.org\/pl\/wp-content\/uploads\/2025\/01\/5-350x350.jpg 350w\" sizes=\"auto, (max-width: 600px) 100vw, 600px\" \/><span class=\"w-gallery-item-hover\"><\/span><span class=\"w-gallery-item-title\">5<\/span><\/a><a class=\"w-gallery-item order_5\" href=\"https:\/\/poloniaculture-nadzbruch.org\/pl\/wp-content\/uploads\/2025\/01\/6.jpg\" title=\"6\"><img loading=\"lazy\" decoding=\"async\" width=\"600\" height=\"600\" src=\"https:\/\/poloniaculture-nadzbruch.org\/pl\/wp-content\/uploads\/2025\/01\/6-600x600.jpg\" class=\"w-gallery-item-img\" alt=\"\" srcset=\"https:\/\/poloniaculture-nadzbruch.org\/pl\/wp-content\/uploads\/2025\/01\/6-600x600.jpg 600w, https:\/\/poloniaculture-nadzbruch.org\/pl\/wp-content\/uploads\/2025\/01\/6-150x150.jpg 150w, https:\/\/poloniaculture-nadzbruch.org\/pl\/wp-content\/uploads\/2025\/01\/6-350x350.jpg 350w\" sizes=\"auto, (max-width: 600px) 100vw, 600px\" \/><span class=\"w-gallery-item-hover\"><\/span><span class=\"w-gallery-item-title\">6<\/span><\/a><a class=\"w-gallery-item order_6\" href=\"https:\/\/poloniaculture-nadzbruch.org\/pl\/wp-content\/uploads\/2025\/01\/7.jpg\" title=\"7\"><img loading=\"lazy\" decoding=\"async\" width=\"600\" height=\"600\" src=\"https:\/\/poloniaculture-nadzbruch.org\/pl\/wp-content\/uploads\/2025\/01\/7-600x600.jpg\" class=\"w-gallery-item-img\" alt=\"\" srcset=\"https:\/\/poloniaculture-nadzbruch.org\/pl\/wp-content\/uploads\/2025\/01\/7-600x600.jpg 600w, https:\/\/poloniaculture-nadzbruch.org\/pl\/wp-content\/uploads\/2025\/01\/7-150x150.jpg 150w, https:\/\/poloniaculture-nadzbruch.org\/pl\/wp-content\/uploads\/2025\/01\/7-350x350.jpg 350w\" sizes=\"auto, (max-width: 600px) 100vw, 600px\" \/><span class=\"w-gallery-item-hover\"><\/span><span class=\"w-gallery-item-title\">7<\/span><\/a><a class=\"w-gallery-item order_7\" href=\"https:\/\/poloniaculture-nadzbruch.org\/pl\/wp-content\/uploads\/2025\/01\/8.jpg\" title=\"8\"><img loading=\"lazy\" decoding=\"async\" width=\"600\" height=\"600\" src=\"https:\/\/poloniaculture-nadzbruch.org\/pl\/wp-content\/uploads\/2025\/01\/8-600x600.jpg\" class=\"w-gallery-item-img\" alt=\"\" srcset=\"https:\/\/poloniaculture-nadzbruch.org\/pl\/wp-content\/uploads\/2025\/01\/8-600x600.jpg 600w, https:\/\/poloniaculture-nadzbruch.org\/pl\/wp-content\/uploads\/2025\/01\/8-150x150.jpg 150w, https:\/\/poloniaculture-nadzbruch.org\/pl\/wp-content\/uploads\/2025\/01\/8-350x350.jpg 350w\" sizes=\"auto, (max-width: 600px) 100vw, 600px\" \/><span class=\"w-gallery-item-hover\"><\/span><span class=\"w-gallery-item-title\">8<\/span><\/a><a class=\"w-gallery-item order_8\" href=\"https:\/\/poloniaculture-nadzbruch.org\/pl\/wp-content\/uploads\/2025\/01\/9.jpg\" title=\"9\"><img loading=\"lazy\" decoding=\"async\" width=\"600\" height=\"600\" src=\"https:\/\/poloniaculture-nadzbruch.org\/pl\/wp-content\/uploads\/2025\/01\/9-600x600.jpg\" class=\"w-gallery-item-img\" alt=\"\" srcset=\"https:\/\/poloniaculture-nadzbruch.org\/pl\/wp-content\/uploads\/2025\/01\/9-600x600.jpg 600w, https:\/\/poloniaculture-nadzbruch.org\/pl\/wp-content\/uploads\/2025\/01\/9-150x150.jpg 150w, https:\/\/poloniaculture-nadzbruch.org\/pl\/wp-content\/uploads\/2025\/01\/9-350x350.jpg 350w\" sizes=\"auto, (max-width: 600px) 100vw, 600px\" \/><span class=\"w-gallery-item-hover\"><\/span><span class=\"w-gallery-item-title\">9<\/span><\/a><a class=\"w-gallery-item order_9\" href=\"https:\/\/poloniaculture-nadzbruch.org\/pl\/wp-content\/uploads\/2025\/01\/10.jpg\" title=\"10\"><img loading=\"lazy\" decoding=\"async\" width=\"600\" height=\"600\" src=\"https:\/\/poloniaculture-nadzbruch.org\/pl\/wp-content\/uploads\/2025\/01\/10-600x600.jpg\" class=\"w-gallery-item-img\" alt=\"\" srcset=\"https:\/\/poloniaculture-nadzbruch.org\/pl\/wp-content\/uploads\/2025\/01\/10-600x600.jpg 600w, https:\/\/poloniaculture-nadzbruch.org\/pl\/wp-content\/uploads\/2025\/01\/10-150x150.jpg 150w, https:\/\/poloniaculture-nadzbruch.org\/pl\/wp-content\/uploads\/2025\/01\/10-350x350.jpg 350w\" sizes=\"auto, (max-width: 600px) 100vw, 600px\" \/><span class=\"w-gallery-item-hover\"><\/span><span class=\"w-gallery-item-title\">10<\/span><\/a><a class=\"w-gallery-item order_10\" href=\"https:\/\/poloniaculture-nadzbruch.org\/pl\/wp-content\/uploads\/2025\/01\/11.jpg\" title=\"11\"><img loading=\"lazy\" decoding=\"async\" width=\"600\" height=\"600\" src=\"https:\/\/poloniaculture-nadzbruch.org\/pl\/wp-content\/uploads\/2025\/01\/11-600x600.jpg\" class=\"w-gallery-item-img\" alt=\"\" srcset=\"https:\/\/poloniaculture-nadzbruch.org\/pl\/wp-content\/uploads\/2025\/01\/11-600x600.jpg 600w, https:\/\/poloniaculture-nadzbruch.org\/pl\/wp-content\/uploads\/2025\/01\/11-150x150.jpg 150w, https:\/\/poloniaculture-nadzbruch.org\/pl\/wp-content\/uploads\/2025\/01\/11-350x350.jpg 350w\" sizes=\"auto, (max-width: 600px) 100vw, 600px\" \/><span class=\"w-gallery-item-hover\"><\/span><span class=\"w-gallery-item-title\">11<\/span><\/a><a class=\"w-gallery-item order_11\" href=\"https:\/\/poloniaculture-nadzbruch.org\/pl\/wp-content\/uploads\/2025\/01\/12.jpg\" title=\"12\"><img loading=\"lazy\" decoding=\"async\" width=\"600\" height=\"600\" src=\"https:\/\/poloniaculture-nadzbruch.org\/pl\/wp-content\/uploads\/2025\/01\/12-600x600.jpg\" class=\"w-gallery-item-img\" alt=\"\" srcset=\"https:\/\/poloniaculture-nadzbruch.org\/pl\/wp-content\/uploads\/2025\/01\/12-600x600.jpg 600w, https:\/\/poloniaculture-nadzbruch.org\/pl\/wp-content\/uploads\/2025\/01\/12-150x150.jpg 150w, https:\/\/poloniaculture-nadzbruch.org\/pl\/wp-content\/uploads\/2025\/01\/12-350x350.jpg 350w\" sizes=\"auto, (max-width: 600px) 100vw, 600px\" \/><span class=\"w-gallery-item-hover\"><\/span><span class=\"w-gallery-item-title\">12<\/span><\/a><a class=\"w-gallery-item order_12\" href=\"https:\/\/poloniaculture-nadzbruch.org\/pl\/wp-content\/uploads\/2025\/01\/3-1.jpg\" title=\"3\"><img loading=\"lazy\" decoding=\"async\" width=\"600\" height=\"600\" src=\"https:\/\/poloniaculture-nadzbruch.org\/pl\/wp-content\/uploads\/2025\/01\/3-1-600x600.jpg\" class=\"w-gallery-item-img\" alt=\"\" srcset=\"https:\/\/poloniaculture-nadzbruch.org\/pl\/wp-content\/uploads\/2025\/01\/3-1-600x600.jpg 600w, https:\/\/poloniaculture-nadzbruch.org\/pl\/wp-content\/uploads\/2025\/01\/3-1-150x150.jpg 150w, https:\/\/poloniaculture-nadzbruch.org\/pl\/wp-content\/uploads\/2025\/01\/3-1-350x350.jpg 350w\" sizes=\"auto, (max-width: 600px) 100vw, 600px\" \/><span class=\"w-gallery-item-hover\"><\/span><span class=\"w-gallery-item-title\">3<\/span><\/a><\/div><\/div>\n<\/div><\/div><\/div><\/section><section class=\"l-section wpb_row height_medium\"><div class=\"l-section-h g-html i-cf\"><div class=\"g-cols offset_small\"><div class=\" full-width\"><div class=\"wpb_text_column \"><div class=\"wpb_wrapper\"><span class=\"x193iq5w xeuugli x13faqbe x1vvkbs x1xmvt09 x1lliihq x1s928wv xhkezso x1gmr53x x1cpjm7i x1fgarty x1943h6x xudqn12 x3x7a5m x6prxxf xvq8zen xo1l8bm xzsf02u x1yc453h\" dir=\"auto\">2 lutego r. 2025 w ko\u015bciele parafii \u201eBo\u017cego Mi\u0142osierdzia i NMP Nieustaj\u0105cej Pomocy\u201d w Tarnopolu odby\u0142 si\u0119 festiwal kol\u0119d. Zesp\u00f3l wokalny \u201ePolskie Rytmy\u201d wzi\u0105\u0142 udzia\u0142 w koncercie. Dzieci za\u015bpiewa\u0142y kol\u0119d\u0119\u201d Dzisiaj w Betlejem\u201d i pastora\u0142k\u0119 \u201eGramy Panu&#187;. Dzi\u0119kujemy organizatorom za tak mile spotkanie.<\/span><\/p>\n<div style=\"width: 1024px;\" class=\"wp-video\"><video class=\"wp-video-shortcode\" id=\"video-463-1\" width=\"1024\" height=\"576\" preload=\"metadata\" controls=\"controls\"><source type=\"video\/mp4\" src=\"https:\/\/poloniaculture-nadzbruch.org\/pl\/wp-content\/uploads\/2025\/02\/httpspoloniaculture-nadzbruch.orgwp-admin.mp4?_=1\" \/><a href=\"https:\/\/poloniaculture-nadzbruch.org\/pl\/wp-content\/uploads\/2025\/02\/httpspoloniaculture-nadzbruch.orgwp-admin.mp4\">https:\/\/poloniaculture-nadzbruch.org\/pl\/wp-content\/uploads\/2025\/02\/httpspoloniaculture-nadzbruch.orgwp-admin.mp4<\/a><\/video><\/div><\/div> <\/div> <\/div><\/div><\/div><\/section>\n","protected":false},"excerpt":{"rendered":"[vc_custom_heading text=\"Zesp\u00f3\u0142 muzyczny \u201ePOLSKY RHYTHMS\u201d\" font_container=\"tag:h2|font_size:42|text_align:center|color:%23e01f22\" google_fonts=\"font_family:Pacifico%3Aregular|font_style:400%20regular%3A400%3Anormal\"][vc_custom_heading text=\"Zesp\u00f3\u0142 muzyczny \u201ePOLSKI RHYTHMS\u201d pojecha\u0142 do Lwowa, aby zobaczy\u0107, jak id\u0105 przygotowania do \u015bwi\u0105t Bo\u017cego Narodzenia i za\u015bpiewa\u0107 pod choink\u0105 noworoczn\u0105 we Lwowie.\" font_container=\"tag:h2|font_size:16|text_align:left|color:%232b2a2a\" google_fonts=\"font_family:Montserrat%3Aregular%2C700|font_style:400%20regular%3A400%3Anormal\"]124567891011123 2 lutego r. 2025 w ko\u015bciele parafii \u201eBo\u017cego Mi\u0142osierdzia i NMP Nieustaj\u0105cej Pomocy\u201d w Tarnopolu odby\u0142 si\u0119 festiwal kol\u0119d. Zesp\u00f3l wokalny \u201ePolskie Rytmy\u201d...","protected":false},"author":1,"featured_media":0,"parent":0,"menu_order":0,"comment_status":"closed","ping_status":"closed","template":"","meta":{"footnotes":""},"class_list":["post-463","page","type-page","status-publish","hentry"],"_links":{"self":[{"href":"https:\/\/poloniaculture-nadzbruch.org\/pl\/wp-json\/wp\/v2\/pages\/463","targetHints":{"allow":["GET"]}}],"collection":[{"href":"https:\/\/poloniaculture-nadzbruch.org\/pl\/wp-json\/wp\/v2\/pages"}],"about":[{"href":"https:\/\/poloniaculture-nadzbruch.org\/pl\/wp-json\/wp\/v2\/types\/page"}],"author":[{"embeddable":true,"href":"https:\/\/poloniaculture-nadzbruch.org\/pl\/wp-json\/wp\/v2\/users\/1"}],"replies":[{"embeddable":true,"href":"https:\/\/poloniaculture-nadzbruch.org\/pl\/wp-json\/wp\/v2\/comments?post=463"}],"version-history":[{"count":8,"href":"https:\/\/poloniaculture-nadzbruch.org\/pl\/wp-json\/wp\/v2\/pages\/463\/revisions"}],"predecessor-version":[{"id":889,"href":"https:\/\/poloniaculture-nadzbruch.org\/pl\/wp-json\/wp\/v2\/pages\/463\/revisions\/889"}],"wp:attachment":[{"href":"https:\/\/poloniaculture-nadzbruch.org\/pl\/wp-json\/wp\/v2\/media?parent=463"}],"curies":[{"name":"wp","href":"https:\/\/api.w.org\/{rel}","templated":true}]}}