{"id":415,"date":"2024-12-17T12:02:52","date_gmt":"2024-12-17T09:02:52","guid":{"rendered":"https:\/\/poloniaculture-nadzbruch.org\/?page_id=415"},"modified":"2025-02-10T15:33:30","modified_gmt":"2025-02-10T12:33:30","slug":"current-events","status":"publish","type":"page","link":"https:\/\/poloniaculture-nadzbruch.org\/pl\/current-events\/","title":{"rendered":"\u0410\u043a\u0442\u0443\u0430\u043b\u044c\u043d\u043e\u0441\u0442\u0456"},"content":{"rendered":"<section class=\"l-section wpb_row height_auto\"><div class=\"l-section-h g-html i-cf\"><div class=\"g-cols offset_small\"><div class=\" full-width\"><div class=\"ult-spacer spacer-6a0354c756874\" data-id=\"6a0354c756874\" data-height=\"30\" data-height-mobile=\"30\" data-height-tab=\"30\" data-height-tab-portrait=\"\" data-height-mobile-landscape=\"\" style=\"clear:both;display:block;\"><\/div><div class=\"ult-animation  ult-animate-viewport  ult-no-mobile\" data-animate=\"fadeInUp\" data-animation-delay=\"0\" data-animation-duration=\"3\" data-animation-iteration=\"1\" style=\"opacity:0;\" data-opacity_start_effect=\"\">[vc_custom_heading text=&#187;Aktualne wiadomo\u015bci&#187; font_container=&#187;tag:h2|font_size:42|text_align:center|color:%232b2a2a&#187; google_fonts=&#187;font_family:Pacifico%3Aregular|font_style:400%20regular%3A400%3Anormal&#187;]<\/div><div class=\"ult-spacer spacer-6a0354c756891\" data-id=\"6a0354c756891\" data-height=\"30\" data-height-mobile=\"30\" data-height-tab=\"30\" data-height-tab-portrait=\"\" data-height-mobile-landscape=\"\" style=\"clear:both;display:block;\"><\/div><div class=\"g-cols wpb_row offset_small vc_inner \"><div class=\" one-third\"><div class=\"ult-just-icon-wrapper \"><div class=\"align-icon\" style=\"text-align:center;\">\n<a class=\"aio-tooltip 6a0354c756975\" href = \" https:\/\/poloniaculture-nadzbruch.org\/article1\/ \" target='' data-toggle=\"tooltip\" data-placement=\"\" title=\"\"><div class=\"aio-icon-img \" style=\"font-size:600px;display:inline-block;\" >\n\t<img decoding=\"async\" class=\"img-icon\" alt=\"\" src=\"https:\/\/poloniaculture-nadzbruch.org\/wp-content\/uploads\/2024\/12\/470224418_629509052734709_6679423246244226636_n-1.jpg\"\/>\n<\/div><\/a><\/div><\/div><div class=\"aio-icon-component   style_1\"><div id=\"Info-box-wrap-6653\" class=\"aio-icon-box default-icon\" style=\"\"  ><div class=\"aio-icon-default\"><div class=\"ult-just-icon-wrapper \"><div class=\"align-icon\" style=\"text-align:center;\">\n<div class=\"aio-icon none \"  style=\"color:#707070;font-size:12px;display:inline-block;\">\n\t<i class=\"Defaults-calendar\"><\/i>\n<\/div><\/div><\/div><\/div><div class=\"aio-icon-header\" ><h3 class=\"aio-icon-title ult-responsive\"  data-ultimate-target='#Info-box-wrap-6653 .aio-icon-title'  data-responsive-json-new='{\"font-size\":\"desktop:12px;\",\"line-height\":\"\"}'  style=\"color:#707070;\">17 grudnia 2024 r<\/h3><\/div> <!-- header --><div class=\"aio-icon-description ult-responsive\"  data-ultimate-target='#Info-box-wrap-6653 .aio-icon-description'  data-responsive-json-new='{\"font-size\":\"desktop:12px;\",\"line-height\":\"\"}'  style=\"color:#707070;\">\u015awi\u0105teczne spotkanie organizacji polonijnych z regionu tarnopolskiego<\/p>\n<p>Pe\u0142ne ciep\u0142a i serdeczno\u015bci wydarzenie rozpocz\u0119\u0142o si\u0119 msz\u0105 \u015bwi\u0119t\u0105. G\u0142\u00f3wnym momentem spotkania by\u0142a uroczysto\u015b\u0107 dzielenia si\u0119 op\u0142atkiem, podczas kt\u00f3rej wszyscy sk\u0142adali sobie nawzajem \u017cyczenia. Niepowtarzaln\u0105 \u015bwi\u0105teczn\u0105 atmosfer\u0119 stworzyli arty\u015bci, kt\u00f3rzy \u015bpiewali kol\u0119dy i pastoralki. Dzi\u0119kujemy organizatorom spotkania Konsulatowi Generalnemu w \u0141ucku oraz siostrom niepokalankom z klasztoru w Jaz\u0142owcu za tak mi\u0142e spotkanie.<\/p>\n<p><span class=\"Y2IQFc\" lang=\"pl\" style=\"font-family: Arial, Helvetica, sans-serif; font-size: 12pt; color: #707070;\">\u00a0<\/span><\/div> <!-- description --><\/div> <!-- aio-icon-box --><\/div> <!-- aio-icon-component --><\/div><div class=\" one-third\"><div class=\"ult-just-icon-wrapper \"><div class=\"align-icon\" style=\"text-align:center;\">\n<a class=\"aio-tooltip 6a0354c756bba\" href = \" https:\/\/poloniaculture-nadzbruch.org\/article2\/\" target='' data-toggle=\"tooltip\" data-placement=\"\" title=\"\"><div class=\"aio-icon-img \" style=\"font-size:600px;display:inline-block;\" >\n\t<img decoding=\"async\" class=\"img-icon\" alt=\"\" src=\"https:\/\/poloniaculture-nadzbruch.org\/wp-content\/uploads\/2024\/12\/article3-100-1.jpg\"\/>\n<\/div><\/a><\/div><\/div><div class=\"aio-icon-component   style_1\"><div id=\"Info-box-wrap-5914\" class=\"aio-icon-box default-icon\" style=\"\"  ><div class=\"aio-icon-default\"><div class=\"ult-just-icon-wrapper \"><div class=\"align-icon\" style=\"text-align:center;\">\n<div class=\"aio-icon none \"  style=\"color:#707070;font-size:12px;display:inline-block;\">\n\t<i class=\"Defaults-calendar\"><\/i>\n<\/div><\/div><\/div><\/div><div class=\"aio-icon-header\" ><h3 class=\"aio-icon-title ult-responsive\"  data-ultimate-target='#Info-box-wrap-5914 .aio-icon-title'  data-responsive-json-new='{\"font-size\":\"desktop:12px;\",\"line-height\":\"\"}'  style=\"color:#707070;\">9 listopada 2024 r<\/h3><\/div> <!-- header --><div class=\"aio-icon-description ult-responsive\"  data-ultimate-target='#Info-box-wrap-5914 .aio-icon-description'  data-responsive-json-new='{\"font-size\":\"\",\"line-height\":\"\"}'  style=\"\">Dzi\u015b, 9 listopada, w Sidorowie na Tarnopolszczy\u017anie rozpocz\u0119\u0142y si\u0119 Dni Kultury Polskiej.<\/p>\n<p>Pomimo wojny na Ukrainie Dni Kultury Polskiej odby\u0142y si\u0119 w Sidorowie ju\u017c po raz trzeci. To jedno z najwa\u017cniejszych wydarze\u0144 w kalendarzu Polonii na Podolu. Brak alarmu rakietowego pozwoli\u0142, aby impreza przebieg\u0142a zgodnie z planem.<\/p>\n<p>Widzowie mogli pos\u0142ucha\u0107 wyst\u0119p\u00f3w wokalnych, instrumentalnych, tanecznych oraz recytacji wierszy znanych polskich poet\u00f3w w wykonaniu uczni\u00f3w szko\u0142y sobotniej, dzia\u0142aj\u0105cej przy stowarzyszeniu.<\/p>\n<p>Ch\u00f3r \u201eAkwarele Tarnopola\u201d z Polskiego Centrum Kultury i Edukacji im. Mieczys\u0142awa Kr\u0105pca w Tarnopolu, kt\u00f3remu towarzyszy\u0142a dyrektorka ch\u00f3ru Oksana Kozyra (fortepian) oraz uczniowie polskiej szko\u0142y Ostap Kozyra (skrzypce) i \u015awiatos\u0142aw Tkaczuk (skrzypce), wykona\u0142 takie znane polskie piosenki, jak: \u201eWis\u0142o moja, Wis\u0142o stara\u201d, \u201ePolonez warszawski\u201d, \u201eOjczyzno ma\u201d i inne. Ostap Kozyra (skrzypce) zachwyci\u0142 publiczno\u015b\u0107 wspania\u0142ym wykonaniem utworu \u201eKaprys polski\u201d polskiej skrzypaczki i kompozytorki Gra\u017cyny Basewicz.<\/p>\n<p>Zesp\u00f3\u0142 muzyczny \u201ePolskie Rytmy \u201d, dzia\u0142aj\u0105cy przy Nadzbrucza\u0144skim Stowarzyszeniu Kultury i J\u0119zyka Polskiego, zaprezentowa\u0142 publiczno\u015bci utwory wokalne i taneczne. Dzieci \u015bpiewa\u0142y polskie piosenki i wykonywa\u0142y polskie ta\u0144ce. Kierownik zespo\u0142u Krystyna Me\u0142konian wykona\u0142a solo piosenk\u0119 \u201eMoje ma\u0142e miasto\u201d. Na zako\u0144czenie koncertu zesp\u00f3\u0142 \u201ePolskie Rytmy\u201d wykona\u0142 znan\u0105 piosenk\u0119 \u201eHej, Soko\u0142y\u201d.<\/p>\n<p>G\u0142o\u015bne brawa publiczno\u015bci po ka\u017cdym wyst\u0119pie by\u0142y dowodem na to, \u017ce koncert by\u0142 udany.<\/p>\n<p><span class=\"Y2IQFc\" lang=\"pl\" style=\"font-family: Arial, Helvetica, sans-serif; font-size: 12pt; color: #707070;\">\u00a0<\/span><\/div> <!-- description --><\/div> <!-- aio-icon-box --><\/div> <!-- aio-icon-component --><\/div><div class=\" one-third\"><div class=\"ult-just-icon-wrapper \"><div class=\"align-icon\" style=\"text-align:center;\">\n<a class=\"aio-tooltip 6a0354c756d57\" href = \"https:\/\/poloniaculture-nadzbruch.org\/article3\/ \" target='' data-toggle=\"tooltip\" data-placement=\"\" title=\"\"><div class=\"aio-icon-img \" style=\"font-size:600px;display:inline-block;\" >\n\t<img decoding=\"async\" class=\"img-icon\" alt=\"\" src=\"https:\/\/poloniaculture-nadzbruch.org\/wp-content\/uploads\/2024\/12\/article2-100-1.jpg\"\/>\n<\/div><\/a><\/div><\/div><div class=\"aio-icon-component   style_1\"><div id=\"Info-box-wrap-8910\" class=\"aio-icon-box default-icon\" style=\"\"  ><div class=\"aio-icon-default\"><div class=\"ult-just-icon-wrapper \"><div class=\"align-icon\" style=\"text-align:center;\">\n<div class=\"aio-icon none \"  style=\"color:#707070;font-size:12px;display:inline-block;\">\n\t<i class=\"Defaults-calendar\"><\/i>\n<\/div><\/div><\/div><\/div><div class=\"aio-icon-header\" ><h3 class=\"aio-icon-title ult-responsive\"  data-ultimate-target='#Info-box-wrap-8910 .aio-icon-title'  data-responsive-json-new='{\"font-size\":\"desktop:12px;\",\"line-height\":\"\"}'  style=\"color:#707070;\">10 listopada 2024 r<\/h3><\/div> <!-- header --><div class=\"aio-icon-description ult-responsive\"  data-ultimate-target='#Info-box-wrap-8910 .aio-icon-description'  data-responsive-json-new='{\"font-size\":\"\",\"line-height\":\"\"}'  style=\"\"><span class=\"Y2IQFc\" lang=\"pl\" style=\"font-family: Arial, Helvetica, sans-serif; font-size: 12pt; color: #707070;\">Festiwal kultury polskiej na Ziemi Tarnopolskiej. Drugi dzie\u0144.\u00a0<\/span><\/div> <!-- description --><\/div> <!-- aio-icon-box --><\/div> <!-- aio-icon-component --><\/div><\/div><div class=\"g-cols wpb_row offset_small vc_inner \"><div class=\" one-third\"><div class=\"ubtn-ctn-center\"><a class=\"ubtn-link ult-adjust-bottom-margin ubtn-center ubtn-normal \" href = \"https:\/\/poloniaculture-nadzbruch.org\/pl\/article1\/\" target='' ><button type=\"button\" id=\"ubtn-7367\" class=\"ubtn ult-adjust-bottom-margin ult-responsive ubtn-normal ubtn-fade-bg  ulta-pulse  ubtn-center   tooltip-6a0354c756ee6\"  data-hover=\"#e01f22\" data-border-color=\"#e01f22\" data-bg=\"#e01f22\" data-hover-bg=\"#ffffff\" data-border-hover=\"\" data-shadow-hover=\"\" data-shadow-click=\"none\" data-shadow=\"\" data-shd-shadow=\"\"  data-ultimate-target='#ubtn-7367'  data-responsive-json-new='{\"font-size\":\"\",\"line-height\":\"\"}'  style=\"font-weight:normal;border-radius:180px;border-width:1px;border-color:#e01f22;border-style:solid;background: #e01f22;color: #ffffff;\"><span class=\"ubtn-hover\" style=\"background-color:#ffffff\"><\/span><span class=\"ubtn-data ubtn-text \" > Przeczytaj wi\u0119cej<\/span><\/button><\/a><\/div><\/div><div class=\" one-third\"><div class=\"ubtn-ctn-center\"><a class=\"ubtn-link ult-adjust-bottom-margin ubtn-center ubtn-normal \" href = \"https:\/\/poloniaculture-nadzbruch.org\/pl\/article2\/\" target='' ><button type=\"button\" id=\"ubtn-9301\" class=\"ubtn ult-adjust-bottom-margin ult-responsive ubtn-normal ubtn-fade-bg  ulta-pulse  ubtn-center   tooltip-6a0354c756f3e\"  data-hover=\"#e01f22\" data-border-color=\"#e01f22\" data-bg=\"#e01f22\" data-hover-bg=\"#ffffff\" data-border-hover=\"\" data-shadow-hover=\"\" data-shadow-click=\"none\" data-shadow=\"\" data-shd-shadow=\"\"  data-ultimate-target='#ubtn-9301'  data-responsive-json-new='{\"font-size\":\"\",\"line-height\":\"\"}'  style=\"font-weight:normal;border-radius:180px;border-width:1px;border-color:#e01f22;border-style:solid;background: #e01f22;color: #ffffff;\"><span class=\"ubtn-hover\" style=\"background-color:#ffffff\"><\/span><span class=\"ubtn-data ubtn-text \" > Przeczytaj wi\u0119cej<\/span><\/button><\/a><\/div><\/div><div class=\" one-third\"><div class=\"ubtn-ctn-center\"><a class=\"ubtn-link ult-adjust-bottom-margin ubtn-center ubtn-normal \" href = \"https:\/\/poloniaculture-nadzbruch.org\/pl\/article3\/\" target='' ><button type=\"button\" id=\"ubtn-2620\" class=\"ubtn ult-adjust-bottom-margin ult-responsive ubtn-normal ubtn-fade-bg  ulta-pulse  ubtn-center   tooltip-6a0354c756f84\"  data-hover=\"#e01f22\" data-border-color=\"#e01f22\" data-bg=\"#e01f22\" data-hover-bg=\"#ffffff\" data-border-hover=\"\" data-shadow-hover=\"\" data-shadow-click=\"none\" data-shadow=\"\" data-shd-shadow=\"\"  data-ultimate-target='#ubtn-2620'  data-responsive-json-new='{\"font-size\":\"\",\"line-height\":\"\"}'  style=\"font-weight:normal;border-radius:180px;border-width:1px;border-color:#e01f22;border-style:solid;background: #e01f22;color: #ffffff;\"><span class=\"ubtn-hover\" style=\"background-color:#ffffff\"><\/span><span class=\"ubtn-data ubtn-text \" >Przeczytaj wi\u0119cej<\/span><\/button><\/a><\/div><\/div><\/div><div class=\"ult-spacer spacer-6a0354c756f96\" data-id=\"6a0354c756f96\" data-height=\"30\" data-height-mobile=\"30\" data-height-tab=\"30\" data-height-tab-portrait=\"\" data-height-mobile-landscape=\"\" style=\"clear:both;display:block;\"><\/div><div class=\"g-cols wpb_row offset_small vc_inner \"><div class=\" one-half\"><\/div><div class=\" one-half\"><\/div><\/div><\/div><\/div><\/div><\/section>\n","protected":false},"excerpt":{"rendered":"[vc_custom_heading text=\"Aktualne wiadomo\u015bci\" font_container=\"tag:h2|font_size:42|text_align:center|color:%232b2a2a\" google_fonts=\"font_family:Pacifico%3Aregular|font_style:400%20regular%3A400%3Anormal\"] 17 grudnia 2024 r \u015awi\u0105teczne spotkanie organizacji polonijnych z regionu tarnopolskiego Pe\u0142ne ciep\u0142a i serdeczno\u015bci wydarzenie rozpocz\u0119\u0142o si\u0119 msz\u0105 \u015bwi\u0119t\u0105. G\u0142\u00f3wnym momentem spotkania by\u0142a uroczysto\u015b\u0107 dzielenia si\u0119 op\u0142atkiem, podczas kt\u00f3rej wszyscy sk\u0142adali sobie nawzajem \u017cyczenia. Niepowtarzaln\u0105 \u015bwi\u0105teczn\u0105 atmosfer\u0119 stworzyli arty\u015bci, kt\u00f3rzy \u015bpiewali kol\u0119dy i pastoralki. Dzi\u0119kujemy organizatorom spotkania Konsulatowi Generalnemu...","protected":false},"author":1,"featured_media":0,"parent":0,"menu_order":0,"comment_status":"closed","ping_status":"closed","template":"","meta":{"footnotes":""},"class_list":["post-415","page","type-page","status-publish","hentry"],"_links":{"self":[{"href":"https:\/\/poloniaculture-nadzbruch.org\/pl\/wp-json\/wp\/v2\/pages\/415","targetHints":{"allow":["GET"]}}],"collection":[{"href":"https:\/\/poloniaculture-nadzbruch.org\/pl\/wp-json\/wp\/v2\/pages"}],"about":[{"href":"https:\/\/poloniaculture-nadzbruch.org\/pl\/wp-json\/wp\/v2\/types\/page"}],"author":[{"embeddable":true,"href":"https:\/\/poloniaculture-nadzbruch.org\/pl\/wp-json\/wp\/v2\/users\/1"}],"replies":[{"embeddable":true,"href":"https:\/\/poloniaculture-nadzbruch.org\/pl\/wp-json\/wp\/v2\/comments?post=415"}],"version-history":[{"count":9,"href":"https:\/\/poloniaculture-nadzbruch.org\/pl\/wp-json\/wp\/v2\/pages\/415\/revisions"}],"predecessor-version":[{"id":901,"href":"https:\/\/poloniaculture-nadzbruch.org\/pl\/wp-json\/wp\/v2\/pages\/415\/revisions\/901"}],"wp:attachment":[{"href":"https:\/\/poloniaculture-nadzbruch.org\/pl\/wp-json\/wp\/v2\/media?parent=415"}],"curies":[{"name":"wp","href":"https:\/\/api.w.org\/{rel}","templated":true}]}}