{"id":615,"date":"2024-12-30T14:22:00","date_gmt":"2024-12-30T11:22:00","guid":{"rendered":"https:\/\/poloniaculture-nadzbruch.org\/?page_id=615"},"modified":"2025-01-13T20:35:09","modified_gmt":"2025-01-13T17:35:09","slug":"article2","status":"publish","type":"page","link":"https:\/\/poloniaculture-nadzbruch.org\/eng\/article2\/","title":{"rendered":""},"content":{"rendered":"<section class=\"l-section wpb_row height_medium\"><div class=\"l-section-h g-html i-cf\"><div class=\"g-cols offset_small\"><div class=\" full-width\">[vc_custom_heading text=&#187; <strong>Today, November 9, the Days of Polish Culture began in Sydor\u00f3w, Tarnopil Region. <\/strong><br \/>\nDespite the war in Ukraine, the Days of Polish Culture were held in Sydor\u00f3w for the third time. This is one of the most important events in the calendar for the Polish community in Podil. The lack of a missile alert allowed the party to go as planned and there was no official academy, no exhibitions and no concert.<\/p>\n<p>The &#171;Polish Rhythms&#171; music groups performed on the stage of the Cultural Center in Sydor\u00f3w. &#171;Watercolor of Tarnopol&#171;. &#171;Vis\u0142o moja, Vis\u0142o stara&#171; was sung by the Akwarela Tarnopol vocal group.<br \/>\nThe song &#171;Red Belt&#171; is a vocal collective of Akvarel Tarnopil<br \/>\nThe song &#171;Moje malle misto&#171; performed by the artistic director of the band &#171;Polish rhythms&#171;. Kristin Melkonyan.<br \/>\nSong &#171;Polonez Warszawski&#171; &#8212; vocal group &#171;Watercolor Tarnopil&#171;<br \/>\nThe song &#171;My beloved mother&#171; &#8212; vocal group &#171;Polish Rhythms&#171;<br \/>\nThe song &#171;Such a country&#171; (words: Yan Petrzak, music: Zbigniev Raj) &#8212; vocal group &#171;Watercolors of Tarnopol&#171;<br \/>\nGra Ostyna Bacewicz &#171;Polish Capris&#171; performed by Ostap Kozyra on the violin. &#171;School Challenge&#171; &#8212; vocal group &#171;Polish Rhythms&#171;<br \/>\n&#171;Very cultural song&#171; &#8212; vocal group &#171;Polish rhythms&#171;<br \/>\nSong of words and music by Reverend Karol Dbrovsky &#171;The Motherland has&#171;. Hey, falcons, song The instrumental music of the Polish people is primarily dance music. Polish folk dances are still popular all over the world since ancient times. Polish dances attract the attention of the audience with their specific music, the nature of the performance and the bright costumes of the dancers. Dance performances were presented by the musical group &#171;Polish rhythms&#171;.&#187; font_container=&#187;tag:h2|font_size:18|text_align:left|color:%232b2a2a&#187; google_fonts=&#187;font_family:Montserrat%3Aregular%2C700|font_style:400%20regular%3A400%3Anormal&#187;]<div class=\"w-gallery layout_default columns_3 with_indents link_media\"><div class=\"w-gallery-list\"><a class=\"w-gallery-item order_1\" href=\"https:\/\/poloniaculture-nadzbruch.org\/eng\/wp-content\/uploads\/2025\/01\/3-2.jpg\" title=\"3\"><img loading=\"lazy\" decoding=\"async\" width=\"458\" height=\"600\" src=\"https:\/\/poloniaculture-nadzbruch.org\/eng\/wp-content\/uploads\/2025\/01\/3-2-458x600.jpg\" class=\"w-gallery-item-img\" alt=\"\" \/><span class=\"w-gallery-item-hover\"><\/span><span class=\"w-gallery-item-title\">3<\/span><\/a><\/div><\/div>\n<\/div><\/div><\/div><\/section>\n","protected":false},"excerpt":{"rendered":"[vc_custom_heading text=\" Today, November 9, the Days of Polish Culture began in Sydor\u00f3w, Tarnopil Region. Despite the war in Ukraine, the Days of Polish Culture were held in Sydor\u00f3w for the third time. This is one of the most important events in the calendar for the Polish community in Podil. The lack of a missile...","protected":false},"author":1,"featured_media":0,"parent":0,"menu_order":0,"comment_status":"closed","ping_status":"closed","template":"","meta":{"footnotes":""},"class_list":["post-615","page","type-page","status-publish","hentry"],"_links":{"self":[{"href":"https:\/\/poloniaculture-nadzbruch.org\/eng\/wp-json\/wp\/v2\/pages\/615","targetHints":{"allow":["GET"]}}],"collection":[{"href":"https:\/\/poloniaculture-nadzbruch.org\/eng\/wp-json\/wp\/v2\/pages"}],"about":[{"href":"https:\/\/poloniaculture-nadzbruch.org\/eng\/wp-json\/wp\/v2\/types\/page"}],"author":[{"embeddable":true,"href":"https:\/\/poloniaculture-nadzbruch.org\/eng\/wp-json\/wp\/v2\/users\/1"}],"replies":[{"embeddable":true,"href":"https:\/\/poloniaculture-nadzbruch.org\/eng\/wp-json\/wp\/v2\/comments?post=615"}],"version-history":[{"count":3,"href":"https:\/\/poloniaculture-nadzbruch.org\/eng\/wp-json\/wp\/v2\/pages\/615\/revisions"}],"predecessor-version":[{"id":713,"href":"https:\/\/poloniaculture-nadzbruch.org\/eng\/wp-json\/wp\/v2\/pages\/615\/revisions\/713"}],"wp:attachment":[{"href":"https:\/\/poloniaculture-nadzbruch.org\/eng\/wp-json\/wp\/v2\/media?parent=615"}],"curies":[{"name":"wp","href":"https:\/\/api.w.org\/{rel}","templated":true}]}}